{"id":46,"date":"2018-06-20T09:05:38","date_gmt":"2018-06-20T07:05:38","guid":{"rendered":"https:\/\/clubchapiteau.ch\/wp\/?page_id=46"},"modified":"2025-01-09T13:49:19","modified_gmt":"2025-01-09T12:49:19","slug":"leistungen","status":"publish","type":"page","link":"https:\/\/clubchapiteau.ch\/wp\/club\/leistungen\/","title":{"rendered":"Leistungen"},"content":{"rendered":"\n<style type=\"text\/css\" data-created_by=\"avia_inline_auto\" id=\"style-css-av-t7i2-0bd6c8a28c0072aa37699d8c8c372e22\">\n.flex_column.av-t7i2-0bd6c8a28c0072aa37699d8c8c372e22{\n-webkit-border-radius:0px 0px 0px 0px;\n-moz-border-radius:0px 0px 0px 0px;\nborder-radius:0px 0px 0px 0px;\npadding:0px 0px 0px 0px;\n}\n<\/style>\n<div  class='flex_column av-t7i2-0bd6c8a28c0072aa37699d8c8c372e22 av_one_half  avia-builder-el-0  el_before_av_one_half  avia-builder-el-first  first flex_column_div av-zero-column-padding  '     ><section  class='av_textblock_section av-jiq3iacl-ea3aba668866c8d086b4b4f3f94da337 '   itemscope=\"itemscope\" itemtype=\"https:\/\/schema.org\/CreativeWork\" ><div class='avia_textblock'  itemprop=\"text\" ><div class=\"col2-img-left\">\n<div class=\"col2-left\">\n<h2>Wir rollen den roten Teppich f\u00fcr Sie aus\u2026 DAS ZELT Gala, Stars und Spitzengastronomie<\/h2>\n<p class=\"bodytext\">Der Club Chapiteau f\u00fchrt mehrmals j\u00e4hrlich exklusive Club-Events in DAS ZELT durch. Diese aussergew\u00f6hnlichen Veranstaltungen finden &#8211; nach einem Gourmet-Menu in der VIP Zone &#8211; im Grand Chapiteau anl\u00e4sslich von kulturellen Highlights statt. So haben Mitglieder die M\u00f6glichkeit, live am Finale des Internationalen Circus Festival Young Stage, der legend\u00e4ren DAS ZELT Gala und weiteren Top-Acts dabei zu sein. Beste Pl\u00e4tze sind reserviert!<\/p>\n<\/div>\n<\/div>\n<\/div><\/section><\/div>\n\n<style type=\"text\/css\" data-created_by=\"avia_inline_auto\" id=\"style-css-av-ojoe-6227e1b9ed1af645b2f108172b2144b5\">\n.flex_column.av-ojoe-6227e1b9ed1af645b2f108172b2144b5{\n-webkit-border-radius:0px 0px 0px 0px;\n-moz-border-radius:0px 0px 0px 0px;\nborder-radius:0px 0px 0px 0px;\npadding:0px 0px 0px 0px;\n}\n<\/style>\n<div  class='flex_column av-ojoe-6227e1b9ed1af645b2f108172b2144b5 av_one_half  avia-builder-el-2  el_after_av_one_half  el_before_av_section  avia-builder-el-last  flex_column_div av-zero-column-padding  '     ><div  class='avia-slideshow av-jiq3m2d1-efcdf337c27d720389c622ea0a481310 avia-slideshow-portfolio av_slideshow avia-fade-slider  avia-builder-el-3  avia-builder-el-no-sibling  av-slideshow-ui av-control-default av-slideshow-autoplay av-loop-endless av-loop-manual-endless av-default-height-applied avia-slideshow-1' data-slideshow-options=\"{&quot;animation&quot;:&quot;fade&quot;,&quot;autoplay&quot;:true,&quot;loop_autoplay&quot;:&quot;endless&quot;,&quot;interval&quot;:3,&quot;loop_manual&quot;:&quot;manual-endless&quot;,&quot;autoplay_stopper&quot;:false,&quot;noNavigation&quot;:false,&quot;bg_slider&quot;:false,&quot;keep_padding&quot;:false,&quot;hoverpause&quot;:false,&quot;show_slide_delay&quot;:0}\"  itemprop=\"image\" itemscope=\"itemscope\" itemtype=\"https:\/\/schema.org\/ImageObject\" ><ul class='avia-slideshow-inner ' style='padding-bottom: 80.808080808081%;'><li  class='avia-slideshow-slide av-jiq3m2d1-efcdf337c27d720389c622ea0a481310__0  slide-1 slide-odd'><div data-rel='slideshow-1' class='avia-slide-wrap '   ><img decoding=\"async\" class=\"wp-image-607 avia-img-lazy-loading-not-607\"  src=\"https:\/\/clubchapiteau.ch\/wp\/wp-content\/uploads\/2018\/06\/Gala2012_cb-6286a-495x400.jpg\" width=\"495\" height=\"400\" title='Gala2012_cb-6286a' alt=''  itemprop=\"thumbnailUrl\"   \/><\/div><\/li><li  class='avia-slideshow-slide av-jiq3m2d1-efcdf337c27d720389c622ea0a481310__1  slide-2 slide-even'><div data-rel='slideshow-1' class='avia-slide-wrap '   ><img decoding=\"async\" class=\"wp-image-179 avia-img-lazy-loading-not-179\"  src=\"https:\/\/clubchapiteau.ch\/wp\/wp-content\/uploads\/2018\/06\/DZ_Dinner_2013_04-4702a_18x12cm-495x400.jpg\" width=\"495\" height=\"400\" title='DZ_Dinner_2013_04-4702a_18x12cm' alt=''  itemprop=\"thumbnailUrl\" srcset=\"https:\/\/clubchapiteau.ch\/wp\/wp-content\/uploads\/2018\/06\/DZ_Dinner_2013_04-4702a_18x12cm-495x400.jpg 495w, https:\/\/clubchapiteau.ch\/wp\/wp-content\/uploads\/2018\/06\/DZ_Dinner_2013_04-4702a_18x12cm-845x684.jpg 845w\" sizes=\"(max-width: 495px) 100vw, 495px\" \/><\/div><\/li><li  class='avia-slideshow-slide av-jiq3m2d1-efcdf337c27d720389c622ea0a481310__2  slide-3 slide-odd'><div data-rel='slideshow-1' class='avia-slide-wrap '   ><img decoding=\"async\" class=\"wp-image-103 avia-img-lazy-loading-not-103\"  src=\"https:\/\/clubchapiteau.ch\/wp\/wp-content\/uploads\/2018\/06\/Galerie2-495x400.jpg\" width=\"495\" height=\"400\" title='Galerie2' alt=''  itemprop=\"thumbnailUrl\" srcset=\"https:\/\/clubchapiteau.ch\/wp\/wp-content\/uploads\/2018\/06\/Galerie2-495x400.jpg 495w, https:\/\/clubchapiteau.ch\/wp\/wp-content\/uploads\/2018\/06\/Galerie2-845x684.jpg 845w\" sizes=\"(max-width: 495px) 100vw, 495px\" \/><\/div><\/li><li  class='avia-slideshow-slide av-jiq3m2d1-efcdf337c27d720389c622ea0a481310__3  slide-4 slide-even'><div data-rel='slideshow-1' class='avia-slide-wrap '   ><img decoding=\"async\" class=\"wp-image-102 avia-img-lazy-loading-not-102\"  src=\"https:\/\/clubchapiteau.ch\/wp\/wp-content\/uploads\/2018\/06\/Hauptspeise_Junioren_18x12cm-495x400.jpg\" width=\"495\" height=\"400\" title='Hauptspeise_Junioren_18x12cm' alt=''  itemprop=\"thumbnailUrl\" srcset=\"https:\/\/clubchapiteau.ch\/wp\/wp-content\/uploads\/2018\/06\/Hauptspeise_Junioren_18x12cm-495x400.jpg 495w, https:\/\/clubchapiteau.ch\/wp\/wp-content\/uploads\/2018\/06\/Hauptspeise_Junioren_18x12cm-845x684.jpg 845w\" sizes=\"(max-width: 495px) 100vw, 495px\" \/><\/div><\/li><li  class='avia-slideshow-slide av-jiq3m2d1-efcdf337c27d720389c622ea0a481310__4  slide-5 slide-odd'><div data-rel='slideshow-1' class='avia-slide-wrap '   ><img decoding=\"async\" class=\"wp-image-106 avia-img-lazy-loading-not-106\"  src=\"https:\/\/clubchapiteau.ch\/wp\/wp-content\/uploads\/2018\/06\/gkrischker_140514_6284-495x400.jpg\" width=\"495\" height=\"400\" title='gkrischker_140514_6284' alt=''  itemprop=\"thumbnailUrl\" srcset=\"https:\/\/clubchapiteau.ch\/wp\/wp-content\/uploads\/2018\/06\/gkrischker_140514_6284-495x400.jpg 495w, https:\/\/clubchapiteau.ch\/wp\/wp-content\/uploads\/2018\/06\/gkrischker_140514_6284-845x684.jpg 845w\" sizes=\"(max-width: 495px) 100vw, 495px\" \/><\/div><\/li><li  class='avia-slideshow-slide av-jiq3m2d1-efcdf337c27d720389c622ea0a481310__5  slide-6 slide-even'><div data-rel='slideshow-1' class='avia-slide-wrap '   ><img decoding=\"async\" class=\"wp-image-104 avia-img-lazy-loading-not-104\"  src=\"https:\/\/clubchapiteau.ch\/wp\/wp-content\/uploads\/2018\/06\/gkrischker_140514_6207-495x400.jpg\" width=\"495\" height=\"400\" title='gkrischker_140514_6207' alt=''  itemprop=\"thumbnailUrl\" srcset=\"https:\/\/clubchapiteau.ch\/wp\/wp-content\/uploads\/2018\/06\/gkrischker_140514_6207-495x400.jpg 495w, https:\/\/clubchapiteau.ch\/wp\/wp-content\/uploads\/2018\/06\/gkrischker_140514_6207-845x684.jpg 845w\" sizes=\"(max-width: 495px) 100vw, 495px\" \/><\/div><\/li><li  class='avia-slideshow-slide av-jiq3m2d1-efcdf337c27d720389c622ea0a481310__6  slide-7 slide-odd'><div data-rel='slideshow-1' class='avia-slide-wrap '   ><img decoding=\"async\" class=\"wp-image-606 avia-img-lazy-loading-not-606\"  src=\"https:\/\/clubchapiteau.ch\/wp\/wp-content\/uploads\/2018\/06\/Gala_11_B-4264-495x400.jpg\" width=\"495\" height=\"400\" title='Gala_11_B-4264' alt=''  itemprop=\"thumbnailUrl\"   \/><\/div><\/li><\/ul><div class='avia-slideshow-arrows avia-slideshow-controls' ><a href='#prev' class='prev-slide ' aria-hidden='true' data-av_icon='\ue87c' data-av_iconfont='entypo-fontello'  tabindex='-1'>Zur\u00fcck<\/a><a href='#next' class='next-slide ' aria-hidden='true' data-av_icon='\ue87d' data-av_iconfont='entypo-fontello'  tabindex='-1'>Weiter<\/a><\/div><div class='avia-slideshow-dots avia-slideshow-controls'><a href='#1' class='goto-slide active' >1<\/a><a href='#2' class='goto-slide ' >2<\/a><a href='#3' class='goto-slide ' >3<\/a><a href='#4' class='goto-slide ' >4<\/a><a href='#5' class='goto-slide ' >5<\/a><a href='#6' class='goto-slide ' >6<\/a><a href='#7' class='goto-slide ' >7<\/a><\/div><\/div><\/div>\n<\/div><\/div><\/div><!-- close content main div --><\/div><\/div>\n<style type=\"text\/css\" data-created_by=\"avia_inline_auto\" id=\"style-css-av-3hqa-96604f63102ad22a98023d962a3e3921\">\n.avia-section.av-3hqa-96604f63102ad22a98023d962a3e3921{\nbackground-color:rgba(0,0,0,0.05);\nbackground-image:unset;\n}\n<\/style>\n<div id='av_section_1'  class='avia-section av-3hqa-96604f63102ad22a98023d962a3e3921 main_color avia-section-default avia-no-border-styling  avia-builder-el-4  el_after_av_one_half  avia-builder-el-last  avia-bg-style-scroll container_wrap sidebar_right'  ><div class='container av-section-cont-open' ><div class='template-page content  av-content-small alpha units'><div class='post-entry post-entry-type-page post-entry-46'><div class='entry-content-wrapper clearfix'>\n\n<style type=\"text\/css\" data-created_by=\"avia_inline_auto\" id=\"style-css-av-15imu-e574bed20c02908966b42d2e65e567b9\">\n.flex_column.av-15imu-e574bed20c02908966b42d2e65e567b9{\n-webkit-border-radius:0px 0px 0px 0px;\n-moz-border-radius:0px 0px 0px 0px;\nborder-radius:0px 0px 0px 0px;\npadding:0px 0px 0px 0px;\n}\n<\/style>\n<div  class='flex_column av-15imu-e574bed20c02908966b42d2e65e567b9 av_one_half  avia-builder-el-5  avia-builder-el-no-sibling  first flex_column_div av-zero-column-padding  '     ><section  class='av_textblock_section av-jiq43vto-1c497297bbb205c65741c342f81e4e05 '   itemscope=\"itemscope\" itemtype=\"https:\/\/schema.org\/CreativeWork\" ><div class='avia_textblock'  itemprop=\"text\" ><h3>Die Vereinsmitgliedschaft<\/h3>\n<p>Mit dem j\u00e4hrlichen Mitgliederbeitrag von CHF 6.000 werden <a class=\"internal-link\" href=\"https:\/\/clubchapiteau.ch\/wp\/engagement\/\">soziale und kulturelle Projekte<\/a> in Zusammenarbeit mit anerkannten Institutionen unterst\u00fctzt. Der Verein ist gemeinn\u00fctzig und verfolgt keine kommerziellen Zwecke. Der Spendenanteil des Mitgliederbeitrages ist steuerbefreit.<\/p>\n<\/div><\/section><br \/>\n<div  class='avia-button-wrap av-jjiju5gh-7c5be3b57ad57588b7c0389bf2ec6fa0-wrap avia-button-left  avia-builder-el-7  el_after_av_textblock  avia-builder-el-last '><a href='https:\/\/clubchapiteau.ch\/wp\/wp-content\/uploads\/2025\/01\/Club-Leistungen.pdf'  class='avia-button av-jjiju5gh-7c5be3b57ad57588b7c0389bf2ec6fa0 avia-icon_select-no avia-size-medium avia-position-left avia-color-theme-color'  target=\"_blank\"  rel=\"noopener noreferrer\" ><span class='avia_iconbox_title' >Leistungs\u00fcbersicht<\/span><\/a><\/div><\/p><\/div><\/div><\/div><\/div><!-- close content main div --><\/div><\/div><div id='after_section_1'  class='main_color av_default_container_wrap container_wrap sidebar_right'  ><div class='container av-section-cont-open' ><div class='template-page content  av-content-small alpha units'><div class='post-entry post-entry-type-page post-entry-46'><div class='entry-content-wrapper clearfix'>\n","protected":false},"excerpt":{"rendered":"","protected":false},"author":1,"featured_media":0,"parent":32,"menu_order":3,"comment_status":"closed","ping_status":"closed","template":"","meta":{"inline_featured_image":false,"footnotes":""},"class_list":["post-46","page","type-page","status-publish","hentry"],"_links":{"self":[{"href":"https:\/\/clubchapiteau.ch\/wp\/wp-json\/wp\/v2\/pages\/46","targetHints":{"allow":["GET"]}}],"collection":[{"href":"https:\/\/clubchapiteau.ch\/wp\/wp-json\/wp\/v2\/pages"}],"about":[{"href":"https:\/\/clubchapiteau.ch\/wp\/wp-json\/wp\/v2\/types\/page"}],"author":[{"embeddable":true,"href":"https:\/\/clubchapiteau.ch\/wp\/wp-json\/wp\/v2\/users\/1"}],"replies":[{"embeddable":true,"href":"https:\/\/clubchapiteau.ch\/wp\/wp-json\/wp\/v2\/comments?post=46"}],"version-history":[{"count":38,"href":"https:\/\/clubchapiteau.ch\/wp\/wp-json\/wp\/v2\/pages\/46\/revisions"}],"predecessor-version":[{"id":1628,"href":"https:\/\/clubchapiteau.ch\/wp\/wp-json\/wp\/v2\/pages\/46\/revisions\/1628"}],"up":[{"embeddable":true,"href":"https:\/\/clubchapiteau.ch\/wp\/wp-json\/wp\/v2\/pages\/32"}],"wp:attachment":[{"href":"https:\/\/clubchapiteau.ch\/wp\/wp-json\/wp\/v2\/media?parent=46"}],"curies":[{"name":"wp","href":"https:\/\/api.w.org\/{rel}","templated":true}]}}